{"id":1432,"date":"2025-09-29T21:34:17","date_gmt":"2025-09-29T21:34:17","guid":{"rendered":"https:\/\/carmelitengo.org\/?page_id=1432"},"modified":"2026-02-14T01:13:23","modified_gmt":"2026-02-14T01:13:23","slug":"provincial-statements-on-gaza-and-on-immagration","status":"publish","type":"page","link":"https:\/\/carmelitengo.org\/it\/provincial-statements-on-gaza-and-on-immagration\/","title":{"rendered":"Dichiarazioni provinciali su Gaza e sull'immigrazione"},"content":{"rendered":"<div data-elementor-type=\"wp-page\" data-elementor-id=\"1432\" class=\"elementor elementor-1432\" data-elementor-post-type=\"page\">\n\t\t\t\t\t\t<section class=\"elementor-section elementor-top-section elementor-element elementor-element-a339074 elementor-section-boxed elementor-section-height-default elementor-section-height-default\" data-id=\"a339074\" data-element_type=\"section\" data-e-type=\"section\">\n\t\t\t\t\t\t<div class=\"elementor-container elementor-column-gap-default\">\n\t\t\t\t\t<div class=\"elementor-column elementor-col-100 elementor-top-column elementor-element elementor-element-28a1269\" data-id=\"28a1269\" data-element_type=\"column\" data-e-type=\"column\">\n\t\t\t<div class=\"elementor-widget-wrap elementor-element-populated\">\n\t\t\t\t\t\t<div class=\"elementor-element elementor-element-0135e56 elementor-widget elementor-widget-image\" data-id=\"0135e56\" data-element_type=\"widget\" data-e-type=\"widget\" data-widget_type=\"image.default\">\n\t\t\t\t<div class=\"elementor-widget-container\">\n\t\t\t\t\t\t\t\t\t\t\t\t\t\t\t<img fetchpriority=\"high\" decoding=\"async\" width=\"800\" height=\"267\" src=\"https:\/\/carmelitengo.org\/wp-content\/uploads\/2025\/09\/JPIC-GM-Banner-1200-1024x342.webp\" class=\"attachment-large size-large wp-image-1434\" alt=\"\" srcset=\"https:\/\/carmelitengo.org\/wp-content\/uploads\/2025\/09\/JPIC-GM-Banner-1200-1024x342.webp 1024w, https:\/\/carmelitengo.org\/wp-content\/uploads\/2025\/09\/JPIC-GM-Banner-1200-300x100.webp 300w, https:\/\/carmelitengo.org\/wp-content\/uploads\/2025\/09\/JPIC-GM-Banner-1200-768x256.webp 768w, https:\/\/carmelitengo.org\/wp-content\/uploads\/2025\/09\/JPIC-GM-Banner-1200-18x6.webp 18w, https:\/\/carmelitengo.org\/wp-content\/uploads\/2025\/09\/JPIC-GM-Banner-1200.webp 1201w\" sizes=\"(max-width: 800px) 100vw, 800px\" \/>\t\t\t\t\t\t\t\t\t\t\t\t\t\t\t<\/div>\n\t\t\t\t<\/div>\n\t\t\t\t\t<\/div>\n\t\t<\/div>\n\t\t\t\t\t<\/div>\n\t\t<\/section>\n\t\t\t\t<section class=\"elementor-section elementor-top-section elementor-element elementor-element-375d772 elementor-section-boxed elementor-section-height-default elementor-section-height-default\" data-id=\"375d772\" data-element_type=\"section\" data-e-type=\"section\">\n\t\t\t\t\t\t<div class=\"elementor-container elementor-column-gap-default\">\n\t\t\t\t\t<div class=\"elementor-column elementor-col-50 elementor-top-column elementor-element elementor-element-08f69f6\" data-id=\"08f69f6\" data-element_type=\"column\" data-e-type=\"column\">\n\t\t\t<div class=\"elementor-widget-wrap elementor-element-populated\">\n\t\t\t\t\t\t<div class=\"elementor-element elementor-element-50e1f5c elementor-widget elementor-widget-text-editor\" data-id=\"50e1f5c\" data-element_type=\"widget\" data-e-type=\"widget\" data-widget_type=\"text-editor.default\">\n\t\t\t\t<div class=\"elementor-widget-container\">\n\t\t\t\t\t\t\t\t\t<p><strong>Provincia del Cuore Purissimo di Maria dei Carmelitani<\/strong><\/p><p><strong>Dichiarazione su Gaza | 15 agosto 2025<\/strong><\/p><p>La Provincia del Purissimo Cuore di Maria dei Carmelitani \u00e8 profondamente turbata dalla distruzione della vita a cui stiamo assistendo in Terra Santa. Dall'occupazione illegale della Cisgiordania palestinese, che diventa ogni giorno pi\u00f9 violenta, agli attacchi alle comunit\u00e0 israeliane e alla detenzione di ostaggi, il ciclo infinito di violenza deve cessare.<\/p><p>Particolarmente orribile \u00e8 l'attacco incessante alla popolazione di Gaza da parte del governo israeliano. Il vero numero di morti non \u00e8 noto, ma sembra essere pi\u00f9 di 60.000, alla fine di luglio 2025 (con migliaia di altri semplicemente sepolti dalle macerie e non contati). Circa 20.000 di questi morti noti sono bambini. Tra i morti si contano anche pi\u00f9 di 175 giornalisti e 1400 operatori sanitari. E c'\u00e8 questa statistica: Gaza ha ora il pi\u00f9 alto numero pro capite di bambini amputati al mondo. La verit\u00e0 \u00e8 che nessuno \u00e8 al sicuro a Gaza, soprattutto quando la fame e le malattie si diffondono tra la popolazione (poich\u00e9 Israele ha fortemente limitato e per lunghi periodi di tempo ha completamente bloccato l'ingresso di cibo e acqua nel territorio). Le persone vengono ora uccise mentre aspettano disperatamente in lunghe file per il cibo.<\/p><p>In tutta Gaza, case di culto, scuole, ospedali e cliniche e luoghi di consegna degli aiuti sono stati tutti bombardati, colpiti o altrimenti danneggiati o completamente distrutti. Ben poco \u00e8 rimasto intatto, mentre uno degli eserciti pi\u00f9 sofisticati del mondo assalta continuamente una popolazione per lo pi\u00f9 civile con scarse capacit\u00e0 di difendersi.<\/p><p>L'unica chiesa cattolica di Gaza, la Sacra Famiglia, con cui Papa Francesco comunicava regolarmente, \u00e8 stata tra le vittime dell'assalto, e pi\u00f9 di una volta. Le persone che cercavano rifugio nel complesso sono state colpite e alcune uccise e la loro scuola \u00e8 stata bombardata dalle forze israeliane.<\/p><p>Tutta questa distruzione equivale a un genocidio? Il genocidio \u00e8 definito come \"l'uccisione o la persecuzione deliberata e sistematica di un gran numero di persone appartenenti a un particolare gruppo nazionale o etnico con lo scopo di distruggere quella nazione o quel gruppo\".<\/p><p>Papa Francesco aveva sostenuto un'indagine per determinare se le azioni di Israele contro il popolo palestinese equivalessero o meno a un genocidio. E come ha detto il 22 dicembre 2024, \"... con dolore penso a Gaza, a tanta crudelt\u00e0; ai bambini mitragliati, al bombardamento di scuole e ospedali... Quanta crudelt\u00e0!\".<\/p><p>Pi\u00f9 recentemente, Papa Leone ha espresso il suo disgusto per l'assalto incessante a Gaza e ha chiesto \"la fine della barbarie della guerra\".<\/p><p>Il Patriarca latino di Gerusalemme, cardinale Pierbattista Pizzaballa, ha definito la situazione \"moralmente inaccettabile e ingiustificabile\".<\/p><p>La relatrice speciale delle Nazioni Unite sui Territori Occupati, Francesca Albanese, ha espresso il suo giudizio in un rapporto dell'ottobre 2024: \"Oggi, il genocidio dei palestinesi sembra essere il mezzo per raggiungere un fine: la completa rimozione o l'estirpazione dei palestinesi dalla terra che \u00e8 cos\u00ec parte integrante della loro identit\u00e0, e che \u00e8 illegalmente e apertamente ambita da Israele\". Il suo rapporto completo \u00e8 disponibile qui: <a href=\"https:\/\/www.un.org\/unispal\/document\/genocide-as-colonial-erasure-report-francesca-albanese-01oct24\/\">Genocidio come cancellazione coloniale - Rapporto di Francesca Albanese, relatrice speciale delle Nazioni Unite sulla situazione dei diritti umani nei territori palestinesi occupati dal 1967 - Questione Palestina<\/a><\/p><p>Ad accusare Israele di genocidio sono anche Amnesty International, Human Rights Watch, Medici Senza Frontiere, l'Istituto Lemkin per la prevenzione del genocidio e altre organizzazioni, oltre a molti studiosi di genocidio.<\/p><p>Inoltre, gruppi ebraici come Jewish Voice for Peace e IfNotNow hanno identificato ci\u00f2 che sta accadendo come un genocidio, cos\u00ec come molti studiosi ebrei.<\/p><p>B'Tselem, il Centro d'informazione israeliano per i diritti umani nei Territori occupati, ha usato il termine \"pulizia etnica\" per descrivere il progetto del suo governo e ha documentato orribili \"abusi sistemici dei diritti umani\" e violazioni del diritto internazionale nei Territori occupati. Ha appena pubblicato il suo rapporto su Gaza e ha stabilito che le azioni di Israele equivalgono a un genocidio. Ulteriori informazioni sul rapporto di B'Tselem, compreso un breve video di presentazione, sono disponibili qui: <a href=\"https:\/\/www.btselem.org\/publications\/202507_our_genocide\">https:\/\/www.btselem.org\/publications\/202507_our_genocide<\/a><\/p><p>Anche Physicians for Human Rights Israel ha recentemente pubblicato il suo rapporto su Gaza. Anche loro affermano che Israele sta commettendo un genocidio e chiedono al mondo di fermarlo e di chiamare a rispondere i responsabili. Il loro rapporto \u00e8 disponibile qui: <a href=\"https:\/\/www.phr.org.il\/en\/genocide-in-gaza-eng\/\">https:\/\/www.phr.org.il\/en\/genocide-in-gaza-eng\/<\/a><\/p><p>Breaking the Silence, un'organizzazione di ex militari israeliani, si \u00e8 espressa contro le azioni delle loro forze armate, come l'uso di civili come scudi umani e il \"terrificante collasso morale\" che ha reso tali pratiche comuni.<\/p><p>La Corte penale internazionale ha emesso mandati di arresto per il primo ministro e per un ex ministro della Difesa. Le accuse di genocidio possono e devono essere formalizzate e difese in un tribunale.<\/p><p>Lasceremo che siano i tribunali a pronunciarsi sulla questione, ma a prescindere da ci\u00f2, una cosa \u00e8 certa: la distruzione di massa di vite umane \u00e8 stata orribile e la condanniamo senza mezzi termini.<\/p><p>Noi, come carmelitani, siamo impegnati nella promozione della dignit\u00e0 umana e nella protezione di ogni vita umana. Ci opponiamo ad azioni che disumanizzano, che sottopongono i civili a punizioni collettive e che chiaramente non riconoscono la sacralit\u00e0 della vita. PHOUGH SHALT NOT KILL non \u00e8 una <em>richiesta <\/em>dal nostro Dio. \u00c8 un comandamento!<\/p><p>Siamo solidali con altri - tra cui cristiani, ebrei e musulmani - che chiedono un cessate il fuoco immediato e una campagna intensiva per portare aiuti umanitari alla popolazione di Gaza.<\/p><p>Poi deve avvenire la ricostruzione e deve essere istituita una Palestina libera, in modo che il popolo possa vivere in dignit\u00e0 e pace e sia in grado di determinare il proprio futuro.<\/p><p>Riportiamo qui una lettera firmata da oltre 200 leader cristiani (tra cui molti cattolici) e pubblicata nel luglio 2024:<\/p><p><em>Come leader cristiani globali impegnati per la pace e la giustizia e per il riconoscimento dell'immagine di Dio in tutta l'umanit\u00e0, aborriamo la continua violenza... <\/em><\/p><p><em>In questo contesto catastrofico, abbiamo chiesto prima e chiediamo di nuovo ora, con accorata insistenza, un cessate il fuoco completo e permanente, la restituzione degli ostaggi e il rilascio dei prigionieri palestinesi detenuti senza un giusto processo. \u00c8 ora necessario un accesso immediato e senza ostacoli per l'enorme risposta umanitaria, al fine di restituire alla popolazione di Gaza la dignit\u00e0 conferitale da Dio e lo stesso diritto al cibo, all'alloggio, all'istruzione, all'assistenza sanitaria e ai mezzi di sostentamento di cui godiamo noi. <\/em><\/p><p><em>Per quanto impegnativo, questo non sar\u00e0 sufficiente. Purtroppo, ora ci troviamo di fronte alla minaccia di una violenza ancora pi\u00f9 grande e diffusa. Questo \u00e8 un momento di estremo pericolo non solo per gli israeliani e i palestinesi, ma per l'intera regione... <\/em><\/p><p><em>Temiamo la minaccia esistenziale alla presenza cristiana in Israele e nei territori palestinesi occupati - il luogo stesso in cui la nostra tradizione di fede ha avuto inizio... <\/em><\/p><p>Il testo completo della lettera e i nomi dei firmatari sono disponibili qui<a href=\"https:\/\/cmep.org\/july-2024-global-bishops-letter\/\">: Lettera dei leader cristiani globali del luglio 2024 - Chiese per la pace in Medio Oriente<\/a><\/p><p>Oltre 800 anni fa, gli eremiti carmelitani che vivono sul Monte Cammello hanno ricevuto una regola di vita da Sant'Alberto, Patriarca di Gerusalemme. In fedelt\u00e0 a Ges\u00f9 Cristo, a tutti coloro che subiscono violenza e in comunione con il Cardinale Pizzaballa, attuale Patriarca latino di Gerusalemme, i Carmelitani della Provincia del Purissimo Cuore di Maria esprimono il loro sostegno ai sentimenti espressi nella lettera sopra citata.<\/p><p>Infine, ecco la lettera di una madre di Gaza, scritta all'inizio di quest'anno e pubblicata sul sito web di Amnesty International lo scorso aprile (il suo nome \u00e8 stato omesso per motivi di sicurezza):<\/p><p><em>Il 21 marzo segna l'inizio della primavera e la festa della mamma in Palestina. Un giorno di festa, di speranza, ma \u00e8 difficile per noi pensare alla speranza ora. <\/em><\/p><p><em>Mio figlio di 12 anni si \u00e8 scusato con me perch\u00e9 non poteva comprarmi un regalo per la festa della mamma, l'ho abbracciato e gli ho detto che la loro sopravvivenza - per ora - \u00e8 il regalo pi\u00f9 prezioso che Dio mi ha fatto, non voglio altro. <\/em><\/p><p><em>Vivo a Beit Lahia. Stiamo ancora spazzando le macerie, cercando di ripristinare la nostra casa danneggiata, per renderla vivibile, a pi\u00f9 di un mese dal nostro ritorno al nord. Qui tutto \u00e8 una lotta: essere madre durante il genocidio significa lottare ogni minuto, ogni secondo per mantenere la propria famiglia quando non c'\u00e8 nulla. Ottenere acqua pulita \u00e8 una battaglia; assicurarsi il cibo \u00e8 una battaglia; ottenere verdura o frutta fresca \u00e8 un sogno, ma io sono una madre fortunata perch\u00e9 i miei figli sono ancora vivi. <\/em><\/p><p><em>Guardo i miei figli e mi sento in colpa perch\u00e9 gli \u00e8 stata negata l'infanzia, sono stati costretti al mondo crudele dell'et\u00e0 adulta, della guerra: niente scuole, niente parchi giochi, niente passeggiate quotidiane in riva al mare. Sento le bombe e vorrei poterli avvolgere con il mio stesso corpo, vorrei che il mio amore, pi\u00f9 grande dell'universo, potesse proteggerli, ospitarli. <\/em><\/p><p><em>Mezz'ora prima di rompere il digiuno, nel giorno della festa della mamma, durante il Ramadan, abbiamo visto che l'esercito israeliano ha ordinato di \"evacuare\" la nostra zona, ma verso dove? Siamo stanchi di sfollare, di portare sulle spalle un'intera vita e di fuggire di nuovo, ricominciando tutto da capo; stiamo cercando di ricostruire i resti delle nostre vite: speravamo di farlo senza temere le bombe che ci piovono addosso senza sosta. Era chiedere troppo? <\/em><\/p><p><em>Non avete scelta in caso di genocidio. Giocate con la morte: per favore, state lontani dai miei figli; siamo gi\u00e0 stati sfollati in nove occasioni per sfuggire alla morte. Cerchiamo di ingannarla, ma alla fine sapete che siamo tutti indifesi di fronte a questo. <\/em><\/p><p><em>Non so se sopravviveremo a questa serie di bombardamenti, non so se il mondo si ricorder\u00e0 che un giorno la gente viveva in un piccolo posto chiamato Gaza, che aveva la costa pi\u00f9 bella del mondo. Qui vivevano persone che volevano vivere, avevano tanti sogni, volevano crescere i loro figli in circostanze normali, ma non hanno mai avuto la possibilit\u00e0 di farlo. <\/em><\/p><p><em>So solo che se non ce la faremo, ce ne andremo sapendo di aver fatto tutto ci\u00f2 che era in nostro potere e oltre per proteggere i nostri figli. Beit Lahia \u00e8 la capitale delle fragole e dei fiori; ora \u00e8 una citt\u00e0 di macerie, fumo e puzza di morte. Ma vi prego di ricordarci con le nostre fragole e i nostri papaveri e di ricordare i nomi e i volti dei nostri figli martiri, che non avranno mai la possibilit\u00e0 di fare un regalo alle loro madri per la festa della mamma. <\/em><\/p><p>\u00c8 con questa madre e con tutti i bambini di Gaza nel cuore che preghiamo affinch\u00e9 la pace e la giustizia prevalgano in Terra Santa.<\/p>\t\t\t\t\t\t\t\t<\/div>\n\t\t\t\t<\/div>\n\t\t\t\t\t<\/div>\n\t\t<\/div>\n\t\t\t\t<div class=\"elementor-column elementor-col-50 elementor-top-column elementor-element elementor-element-2436efa\" data-id=\"2436efa\" data-element_type=\"column\" data-e-type=\"column\">\n\t\t\t<div class=\"elementor-widget-wrap elementor-element-populated\">\n\t\t\t\t\t\t<div class=\"elementor-element elementor-element-7e69ef6 elementor-widget elementor-widget-text-editor\" data-id=\"7e69ef6\" data-element_type=\"widget\" data-e-type=\"widget\" data-widget_type=\"text-editor.default\">\n\t\t\t\t<div class=\"elementor-widget-container\">\n\t\t\t\t\t\t\t\t\t<p><strong>Provincia del Cuore Purissimo di Maria dei Carmelitani<\/strong><\/p><p><strong>Dichiarazione sulla migrazione | 14 agosto 2025<\/strong><\/p><p>La Provincia Carmelitana del Purissimo Cuore di Maria \u00e8 solidale con Papa Francesco, con le Conferenze dei vescovi cattolici e con tutte le persone che \"creano un mondo in cui gli immigrati, i rifugiati e gli altri in movimento siano trattati con dignit\u00e0, rispetto e accoglienza\" (<a href=\"https:\/\/justiceforimmigrants.org\" target=\"_blank\" rel=\"noopener\">justiceforimmigrants.org<\/a>). Questa solidariet\u00e0 basata sulla fede ci impone di opporci alle recenti politiche federali degli Stati Uniti che prevedono deportazioni di massa, la fine della cittadinanza di nascita e delle protezioni DACA, l'irrigidimento militarizzato delle frontiere, la rimozione delle iniziative DEi, l'aumento delle limitazioni ai percorsi di migrazione legale, compresi i divieti di asilo, la fine dei luoghi di rifugio, il disboscamento delle organizzazioni umanitarie e le deportazioni illegali (cio\u00e8 le deportazioni senza un giusto processo).<\/p><p>Il 24 marzo 2025, a El Paso, in Texas, una marcia a sostegno dei migranti si \u00e8 conclusa nella chiesa del Sacro Cuore, una parrocchia gesuita a poca distanza da Ciudad Juarez, in Messico. In una chiesa che contava solo posti in piedi, con i vescovi regionali e il cardinale Fabio Baggio dal Vaticano all'altare, il vescovo di El Paso Mark Seitz ha detto: \"Questa \u00e8 una guerra ai poveri. Se non parliamo, se non agiamo, la guerra non avr\u00e0 fine. Agiremo in modo non violento sotto il segno della croce. Apparteniamo gli uni agli altri, fratelli e sorelle; voi siete il mio popolo: documentati, non documentati, persone di fede, persone di fedi diverse, persone che cercano rifugio e ospitalit\u00e0( ... ) A tutti coloro che vivono nella paura, comprendete l'impegno della Chiesa in quest'ora di buio\".<\/p><p>Nel fare questa dichiarazione, la Provincia del Cuore Purissimo di Maria si impegna a \"parlare\" e ad \"agire in modo non violento sotto il segno della croce\". Ci impegniamo a rispettare i principi del Compromesso dell'Istituto Confine di Speranza:<\/p><p>1. Dignit\u00e0 umana I Ci impegniamo a trattare tutti gli individui con rispetto e dignit\u00e0.<\/p><p>2. Riconosciamo che le famiglie rendono forte la nostra comunit\u00e0 e ci impegniamo a lavorare per politiche e pratiche che tengano unite le famiglie e forniscano loro la stabilit\u00e0 necessaria per prosperare.<\/p><p>3. Sicurezza della comunit\u00e0 I Sappiamo che i rapporti di collaborazione con le forze dell'ordine ci rendono tutti pi\u00f9 sicuri e che la fiducia tra le forze dell'ordine e la comunit\u00e0 \u00e8 essenziale per la sicurezza. Condividiamo l'obiettivo di garantire la sicurezza della comunit\u00e0 e crediamo che tutti debbano essere in grado di interagire con le forze dell'ordine locali senza timori, a prescindere dallo status di immigrato. Lavoreremo per rafforzare queste collaborazioni al fine di raggiungere l'obiettivo comune di una comunit\u00e0 sicura e prospera per tutti.<\/p><p>4. Riconosciamo che l'immigrazione \u00e8 stata fondamentale per la vitalit\u00e0 culturale, sociale ed economica della nostra comunit\u00e0. Ci impegniamo a liberare il pieno potenziale dei contributi di tutti i nostri residenti. Continueremo a garantire l'accesso ai servizi essenziali, un'istruzione di alta qualit\u00e0 per i nostri figli e un ambiente imprenditoriale che crei posti di lavoro e opportunit\u00e0 per tutti.<\/p><p>5. Equit\u00e0 I Lavoreremo per politiche di immigrazione umane, eque e ragionevoli, al fine di gestire l'immigrazione in modo sensato, mantenere la sicurezza e consentire ai nostri residenti di vivere senza paura e continuare a contribuire alla nostra comunit\u00e0.<\/p><p>6. Celebrazione del nostro patrimonio I Ci impegniamo a celebrare il patrimonio culturale delle nostre comunit\u00e0 di immigrati attraverso eventi pubblici, arte e istruzione che promuovano la comprensione e l'unit\u00e0 attraverso la diversit\u00e0.<\/p><p>In conclusione, a tutti i migranti e rifugiati della provincia del Purissimo Cuore di Maria, che la nostra fede possa essere approfondita dal tempo trascorso insieme. Che la comprensione porti alla compassione. E attraverso Ges\u00f9 Cristo e la guida dello Spirito Santo, l'intercessione di Nostra Signora del Monte Carmelo benedica e protegga voi e i vostri cari durante il vostro viaggio.<\/p>\t\t\t\t\t\t\t\t<\/div>\n\t\t\t\t<\/div>\n\t\t\t\t\t<\/div>\n\t\t<\/div>\n\t\t\t\t\t<\/div>\n\t\t<\/section>\n\t\t\t\t<\/div>","protected":false},"excerpt":{"rendered":"<p>Most Pure Heart of Mary Province of the Carmelites Statement on Gaza | August 15, 2025 The Most Pure Heart of Mary Province of the Carmelites is deeply disturbed by the wanton destruction of life we are witnessing in the Holy Land. From the illegal occupation of the Palestinian West Bank, which grows more violent [&hellip;]<\/p>\n","protected":false},"author":1,"featured_media":0,"parent":0,"menu_order":0,"comment_status":"closed","ping_status":"closed","template":"","meta":{"footnotes":""},"class_list":["post-1432","page","type-page","status-publish","hentry"],"_links":{"self":[{"href":"https:\/\/carmelitengo.org\/it\/wp-json\/wp\/v2\/pages\/1432","targetHints":{"allow":["GET"]}}],"collection":[{"href":"https:\/\/carmelitengo.org\/it\/wp-json\/wp\/v2\/pages"}],"about":[{"href":"https:\/\/carmelitengo.org\/it\/wp-json\/wp\/v2\/types\/page"}],"author":[{"embeddable":true,"href":"https:\/\/carmelitengo.org\/it\/wp-json\/wp\/v2\/users\/1"}],"replies":[{"embeddable":true,"href":"https:\/\/carmelitengo.org\/it\/wp-json\/wp\/v2\/comments?post=1432"}],"version-history":[{"count":12,"href":"https:\/\/carmelitengo.org\/it\/wp-json\/wp\/v2\/pages\/1432\/revisions"}],"predecessor-version":[{"id":1538,"href":"https:\/\/carmelitengo.org\/it\/wp-json\/wp\/v2\/pages\/1432\/revisions\/1538"}],"wp:attachment":[{"href":"https:\/\/carmelitengo.org\/it\/wp-json\/wp\/v2\/media?parent=1432"}],"curies":[{"name":"wp","href":"https:\/\/api.w.org\/{rel}","templated":true}]}}